{"id":135,"date":"2022-08-07T11:20:00","date_gmt":"2022-08-07T09:20:00","guid":{"rendered":"https:\/\/www.pi-fotografie.de\/?page_id=135"},"modified":"2023-01-01T20:11:45","modified_gmt":"2023-01-01T19:11:45","slug":"unterwasserfotografie-und-inspektion","status":"publish","type":"page","link":"https:\/\/www.pi-fotografie.de\/?page_id=135","title":{"rendered":"Unterwasserfotografie und -Inspektion"},"content":{"rendered":"\n<p>Hilfreich zur Bestimmung des Zustand von z.B. Schiffen, Booten, Antriebe oder Steganlagen.<\/p>\n\n\n\n<p>Zur Inspektion von Unterwasserbereichen oder historischen Pfahlbauten oder Schiffswracks unabh\u00e4ngig vom Wasserstand.<\/p>\n\n\n\n<figure class=\"wp-block-image size-full\"><a href=\"https:\/\/www.pi-fotografie.de\/wp-content\/uploads\/schiffantrieb_small.jpg\"><img loading=\"lazy\" decoding=\"async\" width=\"768\" height=\"432\" src=\"https:\/\/www.pi-fotografie.de\/wp-content\/uploads\/schiffantrieb_small.jpg\" alt=\"\" class=\"wp-image-70\" srcset=\"https:\/\/www.pi-fotografie.de\/wp-content\/uploads\/schiffantrieb_small.jpg 768w, https:\/\/www.pi-fotografie.de\/wp-content\/uploads\/schiffantrieb_small-150x84.jpg 150w, https:\/\/www.pi-fotografie.de\/wp-content\/uploads\/schiffantrieb_small-250x141.jpg 250w\" sizes=\"auto, (max-width: 768px) 100vw, 768px\" \/><\/a><\/figure>\n\n\n\n<p>Filmen und Fotografieren zur P\u00e4sentation der Wasserbezogenen Gesch\u00e4ftsbereichen.<\/p>\n\n\n<div class=\"wp-block-image\">\n<figure class=\"alignleft size-full is-resized\"><a href=\"https:\/\/www.pi-fotografie.de\/wp-content\/uploads\/hafenmauer_small.jpg\"><img loading=\"lazy\" decoding=\"async\" src=\"https:\/\/www.pi-fotografie.de\/wp-content\/uploads\/hafenmauer_small.jpg\" alt=\"\" class=\"wp-image-43\" width=\"489\" height=\"275\" srcset=\"https:\/\/www.pi-fotografie.de\/wp-content\/uploads\/hafenmauer_small.jpg 768w, https:\/\/www.pi-fotografie.de\/wp-content\/uploads\/hafenmauer_small-150x84.jpg 150w, https:\/\/www.pi-fotografie.de\/wp-content\/uploads\/hafenmauer_small-250x141.jpg 250w\" sizes=\"auto, (max-width: 489px) 100vw, 489px\" \/><\/a><\/figure>\n<\/div>\n\n\n<p>Auf Anfrage k\u00f6nnen alle Details gekl\u00e4rt und entsprechend geplant werden.<\/p>\n","protected":false},"excerpt":{"rendered":"<p>Hilfreich zur Bestimmung des Zustand von z.B. Schiffen, Booten, Antriebe oder Steganlagen. Zur Inspektion von Unterwasserbereichen oder historischen Pfahlbauten oder Schiffswracks unabh\u00e4ngig vom Wasserstand. Filmen und Fotografieren zur P\u00e4sentation der Wasserbezogenen Gesch\u00e4ftsbereichen. Auf Anfrage k\u00f6nnen alle Details gekl\u00e4rt und entsprechend geplant werden.<\/p>\n","protected":false},"author":1,"featured_media":0,"parent":0,"menu_order":0,"comment_status":"closed","ping_status":"closed","template":"","meta":{"footnotes":""},"class_list":["post-135","page","type-page","status-publish","hentry"],"yoast_head":"<!-- This site is optimized with the Yoast SEO plugin v24.5 - https:\/\/yoast.com\/wordpress\/plugins\/seo\/ -->\n<title>Unterwasserfotografie und -Inspektion - PI-Fotografie<\/title>\n<meta name=\"robots\" content=\"index, follow, max-snippet:-1, max-image-preview:large, max-video-preview:-1\" \/>\n<link rel=\"canonical\" href=\"https:\/\/www.pi-fotografie.de\/?page_id=135\" \/>\n<meta property=\"og:locale\" content=\"de_DE\" \/>\n<meta property=\"og:type\" content=\"article\" \/>\n<meta property=\"og:title\" content=\"Unterwasserfotografie und -Inspektion - PI-Fotografie\" \/>\n<meta property=\"og:description\" content=\"Hilfreich zur Bestimmung des Zustand von z.B. Schiffen, Booten, Antriebe oder Steganlagen. Zur Inspektion von Unterwasserbereichen oder historischen Pfahlbauten oder Schiffswracks unabh\u00e4ngig vom Wasserstand. Filmen und Fotografieren zur P\u00e4sentation der Wasserbezogenen Gesch\u00e4ftsbereichen. Auf Anfrage k\u00f6nnen alle Details gekl\u00e4rt und entsprechend geplant werden.\" \/>\n<meta property=\"og:url\" content=\"https:\/\/www.pi-fotografie.de\/?page_id=135\" \/>\n<meta property=\"og:site_name\" content=\"PI-Fotografie\" \/>\n<meta property=\"article:modified_time\" content=\"2023-01-01T19:11:45+00:00\" \/>\n<meta property=\"og:image\" content=\"https:\/\/www.pi-fotografie.de\/wp-content\/uploads\/schiffantrieb_small.jpg\" \/>\n<meta name=\"twitter:card\" content=\"summary_large_image\" \/>\n<meta name=\"twitter:site\" content=\"@pifotografie\" \/>\n<script type=\"application\/ld+json\" class=\"yoast-schema-graph\">{\"@context\":\"https:\/\/schema.org\",\"@graph\":[{\"@type\":\"WebPage\",\"@id\":\"https:\/\/www.pi-fotografie.de\/?page_id=135\",\"url\":\"https:\/\/www.pi-fotografie.de\/?page_id=135\",\"name\":\"Unterwasserfotografie und -Inspektion - PI-Fotografie\",\"isPartOf\":{\"@id\":\"https:\/\/www.pi-fotografie.de\/#website\"},\"primaryImageOfPage\":{\"@id\":\"https:\/\/www.pi-fotografie.de\/?page_id=135#primaryimage\"},\"image\":{\"@id\":\"https:\/\/www.pi-fotografie.de\/?page_id=135#primaryimage\"},\"thumbnailUrl\":\"https:\/\/www.pi-fotografie.de\/wp-content\/uploads\/schiffantrieb_small.jpg\",\"datePublished\":\"2022-08-07T09:20:00+00:00\",\"dateModified\":\"2023-01-01T19:11:45+00:00\",\"breadcrumb\":{\"@id\":\"https:\/\/www.pi-fotografie.de\/?page_id=135#breadcrumb\"},\"inLanguage\":\"de\",\"potentialAction\":[{\"@type\":\"ReadAction\",\"target\":[\"https:\/\/www.pi-fotografie.de\/?page_id=135\"]}]},{\"@type\":\"ImageObject\",\"inLanguage\":\"de\",\"@id\":\"https:\/\/www.pi-fotografie.de\/?page_id=135#primaryimage\",\"url\":\"https:\/\/www.pi-fotografie.de\/wp-content\/uploads\/schiffantrieb_small.jpg\",\"contentUrl\":\"https:\/\/www.pi-fotografie.de\/wp-content\/uploads\/schiffantrieb_small.jpg\",\"width\":768,\"height\":432},{\"@type\":\"BreadcrumbList\",\"@id\":\"https:\/\/www.pi-fotografie.de\/?page_id=135#breadcrumb\",\"itemListElement\":[{\"@type\":\"ListItem\",\"position\":1,\"name\":\"Startseite\",\"item\":\"https:\/\/www.pi-fotografie.de\/\"},{\"@type\":\"ListItem\",\"position\":2,\"name\":\"Unterwasserfotografie und -Inspektion\"}]},{\"@type\":\"WebSite\",\"@id\":\"https:\/\/www.pi-fotografie.de\/#website\",\"url\":\"https:\/\/www.pi-fotografie.de\/\",\"name\":\"PI-Fotografie\",\"description\":\"\",\"publisher\":{\"@id\":\"https:\/\/www.pi-fotografie.de\/#organization\"},\"potentialAction\":[{\"@type\":\"SearchAction\",\"target\":{\"@type\":\"EntryPoint\",\"urlTemplate\":\"https:\/\/www.pi-fotografie.de\/?s={search_term_string}\"},\"query-input\":{\"@type\":\"PropertyValueSpecification\",\"valueRequired\":true,\"valueName\":\"search_term_string\"}}],\"inLanguage\":\"de\"},{\"@type\":\"Organization\",\"@id\":\"https:\/\/www.pi-fotografie.de\/#organization\",\"name\":\"PI-Fotografie\",\"url\":\"https:\/\/www.pi-fotografie.de\/\",\"logo\":{\"@type\":\"ImageObject\",\"inLanguage\":\"de\",\"@id\":\"https:\/\/www.pi-fotografie.de\/#\/schema\/logo\/image\/\",\"url\":\"https:\/\/www.pi-fotografie.de\/wp-content\/uploads\/midsize-pi-logo.png\",\"contentUrl\":\"https:\/\/www.pi-fotografie.de\/wp-content\/uploads\/midsize-pi-logo.png\",\"width\":992,\"height\":558,\"caption\":\"PI-Fotografie\"},\"image\":{\"@id\":\"https:\/\/www.pi-fotografie.de\/#\/schema\/logo\/image\/\"},\"sameAs\":[\"https:\/\/x.com\/pifotografie\",\"https:\/\/www.youtube.com\/channel\/UC8hIdPxUOAJpSe_luoVxWww\",\"https:\/\/www.instagram.com\/pifotografie\/\"]}]}<\/script>\n<!-- \/ Yoast SEO plugin. -->","yoast_head_json":{"title":"Unterwasserfotografie und -Inspektion - PI-Fotografie","robots":{"index":"index","follow":"follow","max-snippet":"max-snippet:-1","max-image-preview":"max-image-preview:large","max-video-preview":"max-video-preview:-1"},"canonical":"https:\/\/www.pi-fotografie.de\/?page_id=135","og_locale":"de_DE","og_type":"article","og_title":"Unterwasserfotografie und -Inspektion - PI-Fotografie","og_description":"Hilfreich zur Bestimmung des Zustand von z.B. Schiffen, Booten, Antriebe oder Steganlagen. Zur Inspektion von Unterwasserbereichen oder historischen Pfahlbauten oder Schiffswracks unabh\u00e4ngig vom Wasserstand. Filmen und Fotografieren zur P\u00e4sentation der Wasserbezogenen Gesch\u00e4ftsbereichen. Auf Anfrage k\u00f6nnen alle Details gekl\u00e4rt und entsprechend geplant werden.","og_url":"https:\/\/www.pi-fotografie.de\/?page_id=135","og_site_name":"PI-Fotografie","article_modified_time":"2023-01-01T19:11:45+00:00","og_image":[{"url":"https:\/\/www.pi-fotografie.de\/wp-content\/uploads\/schiffantrieb_small.jpg","type":"","width":"","height":""}],"twitter_card":"summary_large_image","twitter_site":"@pifotografie","schema":{"@context":"https:\/\/schema.org","@graph":[{"@type":"WebPage","@id":"https:\/\/www.pi-fotografie.de\/?page_id=135","url":"https:\/\/www.pi-fotografie.de\/?page_id=135","name":"Unterwasserfotografie und -Inspektion - PI-Fotografie","isPartOf":{"@id":"https:\/\/www.pi-fotografie.de\/#website"},"primaryImageOfPage":{"@id":"https:\/\/www.pi-fotografie.de\/?page_id=135#primaryimage"},"image":{"@id":"https:\/\/www.pi-fotografie.de\/?page_id=135#primaryimage"},"thumbnailUrl":"https:\/\/www.pi-fotografie.de\/wp-content\/uploads\/schiffantrieb_small.jpg","datePublished":"2022-08-07T09:20:00+00:00","dateModified":"2023-01-01T19:11:45+00:00","breadcrumb":{"@id":"https:\/\/www.pi-fotografie.de\/?page_id=135#breadcrumb"},"inLanguage":"de","potentialAction":[{"@type":"ReadAction","target":["https:\/\/www.pi-fotografie.de\/?page_id=135"]}]},{"@type":"ImageObject","inLanguage":"de","@id":"https:\/\/www.pi-fotografie.de\/?page_id=135#primaryimage","url":"https:\/\/www.pi-fotografie.de\/wp-content\/uploads\/schiffantrieb_small.jpg","contentUrl":"https:\/\/www.pi-fotografie.de\/wp-content\/uploads\/schiffantrieb_small.jpg","width":768,"height":432},{"@type":"BreadcrumbList","@id":"https:\/\/www.pi-fotografie.de\/?page_id=135#breadcrumb","itemListElement":[{"@type":"ListItem","position":1,"name":"Startseite","item":"https:\/\/www.pi-fotografie.de\/"},{"@type":"ListItem","position":2,"name":"Unterwasserfotografie und -Inspektion"}]},{"@type":"WebSite","@id":"https:\/\/www.pi-fotografie.de\/#website","url":"https:\/\/www.pi-fotografie.de\/","name":"PI-Fotografie","description":"","publisher":{"@id":"https:\/\/www.pi-fotografie.de\/#organization"},"potentialAction":[{"@type":"SearchAction","target":{"@type":"EntryPoint","urlTemplate":"https:\/\/www.pi-fotografie.de\/?s={search_term_string}"},"query-input":{"@type":"PropertyValueSpecification","valueRequired":true,"valueName":"search_term_string"}}],"inLanguage":"de"},{"@type":"Organization","@id":"https:\/\/www.pi-fotografie.de\/#organization","name":"PI-Fotografie","url":"https:\/\/www.pi-fotografie.de\/","logo":{"@type":"ImageObject","inLanguage":"de","@id":"https:\/\/www.pi-fotografie.de\/#\/schema\/logo\/image\/","url":"https:\/\/www.pi-fotografie.de\/wp-content\/uploads\/midsize-pi-logo.png","contentUrl":"https:\/\/www.pi-fotografie.de\/wp-content\/uploads\/midsize-pi-logo.png","width":992,"height":558,"caption":"PI-Fotografie"},"image":{"@id":"https:\/\/www.pi-fotografie.de\/#\/schema\/logo\/image\/"},"sameAs":["https:\/\/x.com\/pifotografie","https:\/\/www.youtube.com\/channel\/UC8hIdPxUOAJpSe_luoVxWww","https:\/\/www.instagram.com\/pifotografie\/"]}]}},"_links":{"self":[{"href":"https:\/\/www.pi-fotografie.de\/index.php?rest_route=\/wp\/v2\/pages\/135","targetHints":{"allow":["GET"]}}],"collection":[{"href":"https:\/\/www.pi-fotografie.de\/index.php?rest_route=\/wp\/v2\/pages"}],"about":[{"href":"https:\/\/www.pi-fotografie.de\/index.php?rest_route=\/wp\/v2\/types\/page"}],"author":[{"embeddable":true,"href":"https:\/\/www.pi-fotografie.de\/index.php?rest_route=\/wp\/v2\/users\/1"}],"replies":[{"embeddable":true,"href":"https:\/\/www.pi-fotografie.de\/index.php?rest_route=%2Fwp%2Fv2%2Fcomments&post=135"}],"version-history":[{"count":2,"href":"https:\/\/www.pi-fotografie.de\/index.php?rest_route=\/wp\/v2\/pages\/135\/revisions"}],"predecessor-version":[{"id":209,"href":"https:\/\/www.pi-fotografie.de\/index.php?rest_route=\/wp\/v2\/pages\/135\/revisions\/209"}],"wp:attachment":[{"href":"https:\/\/www.pi-fotografie.de\/index.php?rest_route=%2Fwp%2Fv2%2Fmedia&parent=135"}],"curies":[{"name":"wp","href":"https:\/\/api.w.org\/{rel}","templated":true}]}}